{"id":75,"date":"2022-02-06T09:37:16","date_gmt":"2022-02-06T09:37:16","guid":{"rendered":"https:\/\/xstore.8theme.com\/elementor\/demos\/minimal-electronics\/?page_id=15"},"modified":"2025-09-30T04:53:39","modified_gmt":"2025-09-30T02:53:39","slug":"home-minimal-electronics","status":"publish","type":"page","link":"https:\/\/forgesshop.com\/","title":{"rendered":"Inicio"},"content":{"rendered":"\t\t<div data-elementor-type=\"wp-page\" data-elementor-id=\"75\" class=\"elementor elementor-75\" data-elementor-post-type=\"page\">\n\t\t\t\t\t\t<section class=\"elementor-section elementor-top-section elementor-element elementor-element-6f56a20 elementor-section-height-min-height elementor-section-boxed elementor-section-height-default elementor-section-items-middle\" data-id=\"6f56a20\" data-element_type=\"section\" data-settings=\"{&quot;background_background&quot;:&quot;classic&quot;}\">\n\t\t\t\t\t\t<div class=\"elementor-container elementor-column-gap-no\">\n\t\t\t\t\t<div class=\"elementor-column elementor-col-50 elementor-top-column elementor-element elementor-element-51d6b23\" data-id=\"51d6b23\" data-element_type=\"column\">\n\t\t\t<div class=\"elementor-widget-wrap elementor-element-populated\">\n\t\t\t\t\t\t<div class=\"elementor-element elementor-element-6c2a4f4 elementor-widget elementor-widget-heading\" data-id=\"6c2a4f4\" data-element_type=\"widget\" data-widget_type=\"heading.default\">\n\t\t\t\t\t<h2 class=\"elementor-heading-title elementor-size-default\">FORGES<\/h2>\t\t\t\t<\/div>\n\t\t\t\t<div class=\"elementor-element elementor-element-f86e46b elementor-widget elementor-widget-etheme_animated_headline\" data-id=\"f86e46b\" data-element_type=\"widget\" data-settings=\"{&quot;animated_text&quot;:&quot;Personaliza\\nRepara \\nRenu\\u00e9vate con estilo&quot;,&quot;text_style&quot;:&quot;animate&quot;,&quot;animation_type&quot;:&quot;typing&quot;}\" data-widget_type=\"etheme_animated_headline.default\">\n\t\t\t\t<div class=\"elementor-widget-container\">\n\t\t\t\t\t        \r\n        <div class=\"etheme-headline-wrapper\">\r\n            <h2 class=\"etheme-headline etheme-headline-animation-type-typing\" data-style=\"animate\">\r\n\t\t                        <span class=\"etheme-headline-text-wrapper\">\r\n                \r\n\t\t            \r\n                    <span class=\"etheme-headline-text etheme-headline-text-active\">Personaliza<\/span><span class=\"etheme-headline-text \">Repara<\/span><span class=\"etheme-headline-text \">Renu\u00e9vate&nbsp;con&nbsp;estilo<\/span>                \r\n                <\/span>\r\n                            <\/h2>\r\n        <\/div>\r\n        \r\n\t\t\t\t\t\t<\/div>\n\t\t\t\t<\/div>\n\t\t\t\t<div class=\"elementor-element elementor-element-6519107 elementor-hidden-mobile elementor-widget elementor-widget-heading\" data-id=\"6519107\" data-element_type=\"widget\" data-widget_type=\"heading.default\">\n\t\t\t\t\t<h2 class=\"elementor-heading-title elementor-size-default\">Trabajos en pl\u00e1sticos, pintura profesional, personalizaci\u00f3n \u00fanica<\/h2>\t\t\t\t<\/div>\n\t\t\t\t\t<\/div>\n\t\t<\/div>\n\t\t\t\t<div class=\"elementor-column elementor-col-50 elementor-top-column elementor-element elementor-element-ed65584 elementor-hidden-mobile elementor-invisible\" data-id=\"ed65584\" data-element_type=\"column\" data-settings=\"{&quot;animation&quot;:&quot;fadeIn&quot;}\">\n\t\t\t<div class=\"elementor-widget-wrap\">\n\t\t\t\t\t\t\t<\/div>\n\t\t<\/div>\n\t\t\t\t\t<\/div>\n\t\t<\/section>\n\t\t<div class=\"elementor-element elementor-element-ef8361b e-flex e-con-boxed e-con e-parent\" data-id=\"ef8361b\" data-element_type=\"container\">\n\t\t\t\t\t<div class=\"e-con-inner\">\n\t\t\t\t<div class=\"elementor-element elementor-element-5f6e7a6 elementor-align-center elementor-widget elementor-widget-etheme_blockquote\" data-id=\"5f6e7a6\" data-element_type=\"widget\" data-widget_type=\"etheme_blockquote.default\">\n\t\t\t\t<div class=\"elementor-widget-container\">\n\t\t\t\t\t\t\t\r\n\t\t<div class=\"etheme-blockquotes-wrapper-grid etheme-blockquotes-wrapper quote-top\">\r\n\t\t\r\n\t\t                        <blockquote class=\"etheme-blockquote\">\r\n                        \t\t\t<span class=\"quotes\">\r\n                <svg width=\"1em\" height=\"1em\" viewBox=\"0 0 20 16\" fill=\"none\" xmlns=\"http:\/\/www.w3.org\/2000\/svg\">\r\n                    <path d=\"M5.15905 15.084C3.98571 15.084 2.97371 14.6587 2.12305 13.808C1.27238 12.9573 0.847045 11.9453 0.847045 10.772C0.847045 10.508 0.891045 10.2147 0.979045 9.892C1.06705 9.56933 1.16971 9.232 1.28705 8.88L4.49905 0.607998H8.45905L6.12705 6.636C7.06571 6.84133 7.84305 7.32533 8.45905 8.088C9.10438 8.85067 9.42705 9.74533 9.42705 10.772C9.42705 11.9453 9.00171 12.9573 8.15105 13.808C7.32971 14.6587 6.33238 15.084 5.15905 15.084ZM14.883 15.084C13.7097 15.084 12.6977 14.6587 11.847 13.808C11.0257 12.9573 10.615 11.9453 10.615 10.772C10.615 10.508 10.6444 10.244 10.703 9.98C10.7617 9.716 10.835 9.46667 10.923 9.232L14.223 0.607998H18.227L15.851 6.636C16.7897 6.84133 17.567 7.32533 18.183 8.088C18.8284 8.85067 19.151 9.74533 19.151 10.772C19.151 11.9453 18.7404 12.9573 17.919 13.808C17.0977 14.6587 16.0857 15.084 14.883 15.084Z\" fill=\"currentColor\"><\/path>\r\n                <\/svg>\r\n            <\/span>\r\n                                <p class=\"blockquote-content\">\r\n                            La restauraci\u00f3n no es solo reparar. Es devolverle a un objeto la historia que casi perdi\u00f3.                        <\/p>\r\n                                                    <footer>\r\n                                                                       <div class=\"author-wrapper\">\r\n                                            <span class=\"author\">Autor An\u00f3nimo<\/span>                                        <\/div>\r\n                                                                <\/footer>\r\n                                            <\/blockquote>\r\n                            \r\n            <\/div>\r\n            \r\n        \t\t\t\t<\/div>\n\t\t\t\t<\/div>\n\t\t\t\t\t<\/div>\n\t\t\t\t<\/div>\n\t\t\t\t<section class=\"elementor-section elementor-top-section elementor-element elementor-element-1fa396a elementor-section-content-middle elementor-section-boxed elementor-section-height-default elementor-section-height-default elementor-invisible\" data-id=\"1fa396a\" data-element_type=\"section\" data-settings=\"{&quot;animation&quot;:&quot;fadeIn&quot;}\">\n\t\t\t\t\t\t<div class=\"elementor-container elementor-column-gap-no\">\n\t\t\t\t\t<div class=\"elementor-column elementor-col-50 elementor-top-column elementor-element elementor-element-ad345b4\" data-id=\"ad345b4\" data-element_type=\"column\">\n\t\t\t<div class=\"elementor-widget-wrap elementor-element-populated\">\n\t\t\t\t\t\t<div class=\"elementor-element elementor-element-7204a031 elementor-widget elementor-widget-etheme_hotspot\" data-id=\"7204a031\" data-element_type=\"widget\" data-settings=\"{&quot;tooltip_trigger&quot;:&quot;hover&quot;}\" data-widget_type=\"etheme_hotspot.default\">\n\t\t\t\t<div class=\"elementor-widget-container\">\n\t\t\t\t\t<span class=\"etheme-ajaxify-lazy-wrapper etheme-ajaxify-replace\" data-type=\"elementor\" data-request=\"WyJlbGVtZW50b3IiLDc1LCJiNGNmOWZhZCJd\"><\/span>\t\t\t\t<\/div>\n\t\t\t\t<\/div>\n\t\t\t\t\t<\/div>\n\t\t<\/div>\n\t\t\t\t<div class=\"elementor-column elementor-col-50 elementor-top-column elementor-element elementor-element-39cf4dc\" data-id=\"39cf4dc\" data-element_type=\"column\">\n\t\t\t<div class=\"elementor-widget-wrap elementor-element-populated\">\n\t\t\t\t\t\t<div class=\"elementor-element elementor-element-7cc7b91 elementor-align-left elementor-widget elementor-widget-etheme_advanced_headline\" data-id=\"7cc7b91\" data-element_type=\"widget\" data-widget_type=\"etheme_advanced_headline.default\">\n\t\t\t\t<div class=\"elementor-widget-container\">\n\t\t\t\t\t        \r\n        <div class=\"etheme-a-h-wrapper\">\r\n        \r\n                            <h1 class=\"etheme-a-h-text-before\">\r\n                     Reparamos con precisi\u00f3n, entregamos con orgullo.                <\/h1>\r\n            \r\n        <h2 class=\"etheme-advanced-headline etheme-advanced-headline-mask\">\r\n\r\n            Cada pieza cuenta\r\n        <\/h2>\r\n\t\t\r\n                                <div class=\"etheme-a-h-image-wrapper\">\r\n                        <img decoding=\"async\" src=\"https:\/\/forgesshop.com\/wp-content\/uploads\/2022\/02\/Line-1.jpeg\" title=\"Line 1\" alt=\"Line 1\" loading=\"lazy\" \/>                    <\/div>\r\n                                    <p class=\"etheme-a-h-text-after\">\r\n                    El tiempo y el uso diario dejan su huella en cada veh\u00edculo. Pero no tienes que resignarte a ver el exterior de tu coche opaco y desgastado. En Forges somos especialistas en devolverle a tu veh\u00edculo su brillo original y una apariencia de primera clase.\n\nNos enfocamos en cada detalle. Utilizamos t\u00e9cnicas avanzadas para restaurar los pl\u00e1sticos exteriores e interiores, eliminando el blanqueamiento y la decoloraci\u00f3n para que recuperen su color y textura. Con una renovaci\u00f3n de pintura completa, eliminamos ara\u00f1azos superficiales y peque\u00f1as imperfecciones, aplicando un pulido profesional que resalta el color y la profundidad. El resultado es un acabado espejo que protege la carrocer\u00eda y la hace lucir como nueva.                <\/p>\r\n                    \r\n        <\/div>\r\n        \r\n\t\t\t\t\t\t<\/div>\n\t\t\t\t<\/div>\n\t\t\t\t<div class=\"elementor-element elementor-element-d53097a elementor-widget elementor-widget-text_button\" data-id=\"d53097a\" data-element_type=\"widget\" data-widget_type=\"text_button.default\">\n\t\t\t\t<div class=\"elementor-widget-container\">\n\t\t\t\t\t<div class=\"etheme-button-wrapper\"><a class=\"fill-top has-fill etheme-text-button elementor-button\" role=\"button\">\r\n        <span class=\"elementor-button-content-wrapper\">\r\n            \r\n\t\t\t<span class=\"elementor-button-text\">Tienda<\/span>\r\n\r\n            \r\n            \r\n        <\/span><\/a><\/div>\t\t\t\t<\/div>\n\t\t\t\t<\/div>\n\t\t\t\t\t<\/div>\n\t\t<\/div>\n\t\t\t\t\t<\/div>\n\t\t<\/section>\n\t\t\t\t<section class=\"elementor-section elementor-top-section elementor-element elementor-element-40c8d1f elementor-section-boxed elementor-section-height-default elementor-section-height-default elementor-invisible\" data-id=\"40c8d1f\" data-element_type=\"section\" data-settings=\"{&quot;animation&quot;:&quot;fadeIn&quot;}\">\n\t\t\t\t\t\t<div class=\"elementor-container elementor-column-gap-no\">\n\t\t\t\t\t<div class=\"elementor-column elementor-col-100 elementor-top-column elementor-element elementor-element-7e25c7b\" data-id=\"7e25c7b\" data-element_type=\"column\">\n\t\t\t<div class=\"elementor-widget-wrap elementor-element-populated\">\n\t\t\t\t\t\t<div class=\"elementor-element elementor-element-d3f8e1d elementor-align-center elementor-widget elementor-widget-etheme_advanced_headline\" data-id=\"d3f8e1d\" data-element_type=\"widget\" data-widget_type=\"etheme_advanced_headline.default\">\n\t\t\t\t<div class=\"elementor-widget-container\">\n\t\t\t\t\t        \r\n        <div class=\"etheme-a-h-wrapper\">\r\n        \r\n            \r\n        <h2 class=\"etheme-advanced-headline etheme-advanced-headline-mask\">\r\n\r\n            Algunos de nuestros productos\r\n        <\/h2>\r\n\t\t\r\n                                <div class=\"etheme-a-h-image-wrapper\">\r\n                        <img decoding=\"async\" src=\"https:\/\/forgesshop.com\/wp-content\/uploads\/2022\/02\/Line-1.jpeg\" title=\"Line 1\" alt=\"Line 1\" loading=\"lazy\" \/>                    <\/div>\r\n                            \r\n        <\/div>\r\n        \r\n\t\t\t\t\t\t<\/div>\n\t\t\t\t<\/div>\n\t\t\t\t<div class=\"elementor-element elementor-element-c6c73be elementor-widget elementor-widget-etheme_product_carousel\" data-id=\"c6c73be\" data-element_type=\"widget\" data-settings=\"{&quot;slides_per_view_tablet&quot;:&quot;3&quot;,&quot;slides_per_view_mobile&quot;:&quot;1&quot;,&quot;space_between&quot;:{&quot;unit&quot;:&quot;px&quot;,&quot;size&quot;:30,&quot;sizes&quot;:[]},&quot;navigation&quot;:&quot;both&quot;,&quot;slides_per_view&quot;:4,&quot;space_between_tablet&quot;:{&quot;unit&quot;:&quot;px&quot;,&quot;size&quot;:&quot;&quot;,&quot;sizes&quot;:[]},&quot;space_between_mobile&quot;:{&quot;unit&quot;:&quot;px&quot;,&quot;size&quot;:&quot;&quot;,&quot;sizes&quot;:[]},&quot;loop&quot;:&quot;yes&quot;}\" data-widget_type=\"etheme_product_carousel.default\">\n\t\t\t\t<div class=\"elementor-widget-container\">\n\t\t\t\t\t<span class=\"etheme-ajaxify-lazy-wrapper etheme-ajaxify-replace\" data-type=\"elementor\" data-request=\"WyJlbGVtZW50b3IiLDE5NTMsIjM1ZmQ3YzFkIl0=\"><\/span>\t\t\t\t<\/div>\n\t\t\t\t<\/div>\n\t\t\t\t\t<\/div>\n\t\t<\/div>\n\t\t\t\t\t<\/div>\n\t\t<\/section>\n\t\t\t\t<section class=\"elementor-section elementor-top-section elementor-element elementor-element-6960770 elementor-section-height-min-height elementor-section-boxed elementor-section-height-default elementor-section-items-middle elementor-invisible\" data-id=\"6960770\" data-element_type=\"section\" data-settings=\"{&quot;background_background&quot;:&quot;classic&quot;,&quot;animation&quot;:&quot;fadeIn&quot;}\">\n\t\t\t\t\t\t<div class=\"elementor-container elementor-column-gap-no\">\n\t\t\t\t\t<div class=\"elementor-column elementor-col-50 elementor-top-column elementor-element elementor-element-8a1103a\" data-id=\"8a1103a\" data-element_type=\"column\">\n\t\t\t<div class=\"elementor-widget-wrap elementor-element-populated\">\n\t\t\t\t\t\t<div class=\"elementor-element elementor-element-91ae18a elementor-align-left elementor-widget elementor-widget-etheme_advanced_headline\" data-id=\"91ae18a\" data-element_type=\"widget\" data-widget_type=\"etheme_advanced_headline.default\">\n\t\t\t\t<div class=\"elementor-widget-container\">\n\t\t\t\t\t        \r\n        <div class=\"etheme-a-h-wrapper\">\r\n        \r\n                            <span class=\"etheme-a-h-text-before\">\r\n                    Testimonios                <\/span>\r\n            \r\n        <h2 class=\"etheme-advanced-headline etheme-advanced-headline-mask\">\r\n\r\n            Mas de 100 clientes satisfechos con nuestros productos\r\n        <\/h2>\r\n\t\t\r\n                                <div class=\"etheme-a-h-image-wrapper\">\r\n                        <img decoding=\"async\" src=\"https:\/\/forgesshop.com\/wp-content\/uploads\/2022\/02\/Line-1.jpeg\" title=\"Line 1\" alt=\"Line 1\" loading=\"lazy\" \/>                    <\/div>\r\n                                    <p class=\"etheme-a-h-text-after\">\r\n                    La satisfacci\u00f3n de nuestros clientes habla por nosotros. Estos testimonios reflejan el compromiso, la calidad y el cuidado que ofrecemos en cada trabajo.                <\/p>\r\n                    \r\n        <\/div>\r\n        \r\n\t\t\t\t\t\t<\/div>\n\t\t\t\t<\/div>\n\t\t\t\t\t<\/div>\n\t\t<\/div>\n\t\t\t\t<div class=\"elementor-column elementor-col-50 elementor-top-column elementor-element elementor-element-bc33a2a\" data-id=\"bc33a2a\" data-element_type=\"column\">\n\t\t\t<div class=\"elementor-widget-wrap elementor-element-populated\">\n\t\t\t\t\t\t<div class=\"elementor-element elementor-element-e716201 etheme-parallax-3d_hover_effects elementor-widget elementor-widget-testimonials\" data-id=\"e716201\" data-element_type=\"widget\" data-settings=\"{&quot;slides_per_view&quot;:&quot;1&quot;,&quot;etheme_parallax&quot;:&quot;yes&quot;,&quot;etheme_parallax_type&quot;:&quot;3d_hover_effects&quot;,&quot;etheme_parallax_3d_hover_scale&quot;:{&quot;unit&quot;:&quot;px&quot;,&quot;size&quot;:1.05,&quot;sizes&quot;:[]},&quot;space_between&quot;:{&quot;unit&quot;:&quot;px&quot;,&quot;size&quot;:20,&quot;sizes&quot;:[]},&quot;space_between_tablet&quot;:{&quot;unit&quot;:&quot;px&quot;,&quot;size&quot;:&quot;&quot;,&quot;sizes&quot;:[]},&quot;space_between_mobile&quot;:{&quot;unit&quot;:&quot;px&quot;,&quot;size&quot;:&quot;&quot;,&quot;sizes&quot;:[]},&quot;loop&quot;:&quot;yes&quot;,&quot;navigation&quot;:&quot;arrows&quot;,&quot;etheme_parallax_3d_hover_maxTilt&quot;:{&quot;unit&quot;:&quot;px&quot;,&quot;size&quot;:20,&quot;sizes&quot;:[]},&quot;etheme_parallax_3d_hover_speed&quot;:{&quot;unit&quot;:&quot;px&quot;,&quot;size&quot;:400,&quot;sizes&quot;:[]},&quot;etheme_parallax_3d_hover_perspective&quot;:{&quot;unit&quot;:&quot;px&quot;,&quot;size&quot;:700,&quot;sizes&quot;:[]}}\" data-widget_type=\"testimonials.default\">\n\t\t\t\t<div class=\"elementor-widget-container\">\n\t\t\t\t\t\r\n            <div class=\"etheme-testimonials etheme-elementor-swiper-entry swiper-entry bottom \">\r\n\r\n                \r\n                <div class=\"swiper etheme-elementor-slider\" dir=\"ltr\">\r\n\r\n                    <div class=\"swiper-wrapper\">\r\n\r\n                        <div class=\"swiper-slide\">\r\n                            <div class=\"testimonial style-2\">\r\n\r\n                                <div class=\"content-wrapper\">\r\n\r\n                                    <img loading=\"lazy\" loading=\"lazy\" decoding=\"async\" width=\"85\" height=\"85\" src=\"https:\/\/forgesshop.com\/wp-content\/uploads\/2022\/02\/Avatar-1-2.jpeg\" class=\"attachment-thumbnail size-thumbnail wp-image-168\" alt=\"\" \/>\r\n                                    <div class=\"inner-content\">\r\n\r\n                                                                        <span class=\"content\">                            <svg class=\"quotes\" width=\".75em\" height=\".62em\" viewBox=\"0 0 75 62\" fill=\"none\" xmlns=\"http:\/\/www.w3.org\/2000\/svg\">\r\n                                <path d=\"M58.5 61.8C53.9 61.8 50 60.1 46.8 56.7C43.6 53.1 42 48.3 42 42.3C42 33.7 43.3 26.7 45.9 21.3C48.5 15.7 51.4 11.3 54.6 8.09999C58.2 4.49999 62.5 1.79999 67.5 -1.14441e-05L70.5 4.8C67.1 6.39999 64.1 8.29999 61.5 10.5C59.3 12.5 57.2 14.9 55.2 17.7C53.4 20.3 52.5 23.5 52.5 27.3C52.5 28.7 52.7 29.8 53.1 30.6C53.3 31.2 53.6 31.6 54 31.8C54.4 31.6 55 31.4 55.8 31.2C56.4 31 57 30.8 57.6 30.6C58.4 30.4 59.2 30.3 60 30.3C64.6 30.3 68.2 31.7 70.8 34.5C73.6 37.1 75 40.7 75 45.3C75 49.9 73.4 53.8 70.2 57C67 60.2 63.1 61.8 58.5 61.8ZM16.5 61.8C11.9 61.8 8 60.1 4.8 56.7C1.6 53.1 8.49366e-07 48.3 8.49366e-07 42.3C8.49366e-07 33.7 1.3 26.7 3.9 21.3C6.5 15.7 9.4 11.3 12.6 8.09999C16.2 4.49999 20.5 1.79999 25.5 -1.14441e-05L28.5 4.8C25.1 6.39999 22.1 8.29999 19.5 10.5C17.3 12.5 15.2 14.9 13.2 17.7C11.4 20.3 10.5 23.5 10.5 27.3C10.5 28.7 10.7 29.8 11.1 30.6C11.3 31.2 11.6 31.6 12 31.8C12.4 31.6 13 31.4 13.8 31.2C14.4 31 15 30.8 15.6 30.6C16.4 30.4 17.2 30.3 18 30.3C22.6 30.3 26.2 31.7 28.8 34.5C31.6 37.1 33 40.7 33 45.3C33 49.9 31.4 53.8 28.2 57C25 60.2 21.1 61.8 16.5 61.8Z\" fill=\"currentColor\"><\/path>\r\n                            <\/svg>\r\n                            <p>Mi auto ten\u00eda varios golpes y el color estaba opaco. En el taller lo dejaron como nuevo, con un acabado brillante y perfecto. \u00a1Excelente trabajo y atenci\u00f3n al detalle!<\/p><\/span>\r\n                                                                                        <span class=\"star-rating-wrapper\"><span class=\"star-rating\"><span style=\"width: 100%\"><\/span><\/span><\/span>\r\n                                                            <span class=\"name\">Carlos M<\/span>\r\n                                                            <span class=\"country\">Syrian Arab Republic<\/span>\r\n                                                        \r\n                                    <\/div>\r\n\r\n                                    \r\n                                <\/div>\r\n\r\n                            <\/div>\r\n\r\n                            <\/div>                                            <\/div> \r\n                <\/div> \r\n            <\/div>\r\n\r\n            \t\t\t\t<\/div>\n\t\t\t\t<\/div>\n\t\t\t\t\t<\/div>\n\t\t<\/div>\n\t\t\t\t\t<\/div>\n\t\t<\/section>\n\t\t\t\t<\/div>\n\t\t","protected":false},"excerpt":{"rendered":"<p>&#8230;<\/p>\n","protected":false},"author":1,"featured_media":0,"parent":0,"menu_order":0,"comment_status":"closed","ping_status":"closed","template":"","meta":{"footnotes":""},"class_list":["post-75","page","type-page","status-publish","hentry"],"_links":{"self":[{"href":"https:\/\/forgesshop.com\/index.php?rest_route=\/wp\/v2\/pages\/75","targetHints":{"allow":["GET"]}}],"collection":[{"href":"https:\/\/forgesshop.com\/index.php?rest_route=\/wp\/v2\/pages"}],"about":[{"href":"https:\/\/forgesshop.com\/index.php?rest_route=\/wp\/v2\/types\/page"}],"author":[{"embeddable":true,"href":"https:\/\/forgesshop.com\/index.php?rest_route=\/wp\/v2\/users\/1"}],"replies":[{"embeddable":true,"href":"https:\/\/forgesshop.com\/index.php?rest_route=%2Fwp%2Fv2%2Fcomments&post=75"}],"version-history":[{"count":19,"href":"https:\/\/forgesshop.com\/index.php?rest_route=\/wp\/v2\/pages\/75\/revisions"}],"predecessor-version":[{"id":1999,"href":"https:\/\/forgesshop.com\/index.php?rest_route=\/wp\/v2\/pages\/75\/revisions\/1999"}],"wp:attachment":[{"href":"https:\/\/forgesshop.com\/index.php?rest_route=%2Fwp%2Fv2%2Fmedia&parent=75"}],"curies":[{"name":"wp","href":"https:\/\/api.w.org\/{rel}","templated":true}]}}